{"id":50,"date":"2023-07-13T15:21:42","date_gmt":"2023-07-13T15:21:42","guid":{"rendered":"https:\/\/www.leis.um.si\/?page_id=50"},"modified":"2023-09-04T07:34:07","modified_gmt":"2023-09-04T07:34:07","slug":"o-laboratoriju","status":"publish","type":"page","link":"https:\/\/leis.um.si\/?page_id=50&lang=sl","title":{"rendered":"O laboratoriju"},"content":{"rendered":"\n<h1 class=\"wp-block-heading\">Laboratorij za elektronske in informacijske sisteme<\/h1>\n\n\n\n<p>Laboratorij za elektronske in informacijske sisteme (LEIS) izvaja raziskovalno in razvojno dejavnost na podro\u010dju elektronike in informacijskih sistemov. Strmimo h kakovosti izobra\u017eevanja, hkrati pa spodbujamo integriteto in ustvarjalnost \u0161tudentov, ki so vpisani v na\u0161e dodiplomske in podiplomske programe.<\/p>\n\n\n\n<figure class=\"wp-block-image size-full is-style-default\"><a href=\"https:\/\/www.leis.um.si\/wp-content\/uploads\/leis-space.png\"><img loading=\"lazy\" decoding=\"async\" width=\"1200\" height=\"798\" src=\"https:\/\/www.leis.um.si\/wp-content\/uploads\/leis-space.png\" alt=\"\" class=\"wp-image-280\" srcset=\"https:\/\/leis.um.si\/wp-content\/uploads\/leis-space.png 1200w, https:\/\/leis.um.si\/wp-content\/uploads\/leis-space-300x200.png 300w, https:\/\/leis.um.si\/wp-content\/uploads\/leis-space-1024x681.png 1024w, https:\/\/leis.um.si\/wp-content\/uploads\/leis-space-768x511.png 768w\" sizes=\"auto, (max-width: 1200px) 100vw, 1200px\" \/><\/a><\/figure>\n","protected":false},"excerpt":{"rendered":"<p>Laboratorij za elektronske in informacijske sisteme Laboratorij za elektronske in informacijske sisteme (LEIS) izvaja raziskovalno in razvojno dejavnost na podro\u010dju elektronike in informacijskih sistemov. Strmimo h kakovosti izobra\u017eevanja, hkrati pa spodbujamo integriteto in ustvarjalnost \u0161tudentov, ki so vpisani v na\u0161e dodiplomske in podiplomske programe.<\/p>\n","protected":false},"author":2,"featured_media":0,"parent":0,"menu_order":0,"comment_status":"closed","ping_status":"closed","template":"","meta":{"site-sidebar-layout":"default","site-content-layout":"","ast-site-content-layout":"default","site-content-style":"default","site-sidebar-style":"default","ast-global-header-display":"","ast-banner-title-visibility":"","ast-main-header-display":"","ast-hfb-above-header-display":"","ast-hfb-below-header-display":"","ast-hfb-mobile-header-display":"","site-post-title":"","ast-breadcrumbs-content":"","ast-featured-img":"","footer-sml-layout":"","ast-disable-related-posts":"","theme-transparent-header-meta":"","adv-header-id-meta":"","stick-header-meta":"","header-above-stick-meta":"","header-main-stick-meta":"","header-below-stick-meta":"","astra-migrate-meta-layouts":"default","ast-page-background-enabled":"default","ast-page-background-meta":{"desktop":{"background-color":"var(--ast-global-color-4)","background-image":"","background-repeat":"repeat","background-position":"center center","background-size":"auto","background-attachment":"scroll","background-type":"","background-media":"","overlay-type":"","overlay-color":"","overlay-opacity":"","overlay-gradient":""},"tablet":{"background-color":"","background-image":"","background-repeat":"repeat","background-position":"center center","background-size":"auto","background-attachment":"scroll","background-type":"","background-media":"","overlay-type":"","overlay-color":"","overlay-opacity":"","overlay-gradient":""},"mobile":{"background-color":"","background-image":"","background-repeat":"repeat","background-position":"center center","background-size":"auto","background-attachment":"scroll","background-type":"","background-media":"","overlay-type":"","overlay-color":"","overlay-opacity":"","overlay-gradient":""}},"ast-content-background-meta":{"desktop":{"background-color":"var(--ast-global-color-5)","background-image":"","background-repeat":"repeat","background-position":"center center","background-size":"auto","background-attachment":"scroll","background-type":"","background-media":"","overlay-type":"","overlay-color":"","overlay-opacity":"","overlay-gradient":""},"tablet":{"background-color":"var(--ast-global-color-5)","background-image":"","background-repeat":"repeat","background-position":"center center","background-size":"auto","background-attachment":"scroll","background-type":"","background-media":"","overlay-type":"","overlay-color":"","overlay-opacity":"","overlay-gradient":""},"mobile":{"background-color":"var(--ast-global-color-5)","background-image":"","background-repeat":"repeat","background-position":"center center","background-size":"auto","background-attachment":"scroll","background-type":"","background-media":"","overlay-type":"","overlay-color":"","overlay-opacity":"","overlay-gradient":""}},"footnotes":""},"class_list":["post-50","page","type-page","status-publish","hentry"],"_links":{"self":[{"href":"https:\/\/leis.um.si\/index.php?rest_route=\/wp\/v2\/pages\/50","targetHints":{"allow":["GET"]}}],"collection":[{"href":"https:\/\/leis.um.si\/index.php?rest_route=\/wp\/v2\/pages"}],"about":[{"href":"https:\/\/leis.um.si\/index.php?rest_route=\/wp\/v2\/types\/page"}],"author":[{"embeddable":true,"href":"https:\/\/leis.um.si\/index.php?rest_route=\/wp\/v2\/users\/2"}],"replies":[{"embeddable":true,"href":"https:\/\/leis.um.si\/index.php?rest_route=%2Fwp%2Fv2%2Fcomments&post=50"}],"version-history":[{"count":3,"href":"https:\/\/leis.um.si\/index.php?rest_route=\/wp\/v2\/pages\/50\/revisions"}],"predecessor-version":[{"id":281,"href":"https:\/\/leis.um.si\/index.php?rest_route=\/wp\/v2\/pages\/50\/revisions\/281"}],"wp:attachment":[{"href":"https:\/\/leis.um.si\/index.php?rest_route=%2Fwp%2Fv2%2Fmedia&parent=50"}],"curies":[{"name":"wp","href":"https:\/\/api.w.org\/{rel}","templated":true}]}}