{"id":58,"date":"2023-07-13T15:23:00","date_gmt":"2023-07-13T15:23:00","guid":{"rendered":"https:\/\/www.leis.um.si\/?page_id=58"},"modified":"2023-08-31T08:54:13","modified_gmt":"2023-08-31T08:54:13","slug":"izobrazevanje-in-raziskovanje","status":"publish","type":"page","link":"https:\/\/leis.um.si\/?page_id=58&lang=sl","title":{"rendered":"Izobra\u017eevanje in raziskovanje"},"content":{"rendered":"\n<h1 class=\"wp-block-heading\">Izobra\u017eevanje in raziskovanje<\/h1>\n\n\n\n<p><strong>LEIS spodbuja \u0161tudente k njihovi intelektualni agilnosti, kriti\u010dnemu razmi\u0161ljanju in podjetni\u0161kemu pristopu.<\/strong><\/p>\n\n\n\n<p>Dodatno k zagotovljenim metodolo\u0161kim kompetencam in disciplinarnemu znanje LEIS vklju\u010duje tudi interdisciplinarne in sistemsko usmerjene na\u010dine razmi\u0161ljanja, hkrati pa svoje \u0161tudente usposablja za samostojno delo z visoko stopnjo prakti\u010dne izku\u0161nje z uporabo naprednih instrumentov in in\u017eenirskih orodij. Ta pristop zagotavlja, da lahko pridobljeno znanje \u0161tudenti nadalje uporabijo na realnih primerih z dodatnimi izku\u0161njami pri na\u010drtovanju elektronike in vgrajene programske opreme.<\/p>\n\n\n\n<div class=\"wp-block-group is-horizontal is-content-justification-center is-nowrap is-layout-flex wp-container-core-group-is-layout-57eb235f wp-block-group-is-layout-flex\" style=\"margin-top:var(--wp--preset--spacing--40);margin-bottom:var(--wp--preset--spacing--40);padding-top:0;padding-right:0;padding-bottom:0;padding-left:0\">\n<figure class=\"wp-block-image size-full has-custom-border\"><a href=\"https:\/\/www.leis.um.si\/wp-content\/uploads\/leis_education-6.jpg\"><img loading=\"lazy\" decoding=\"async\" width=\"1200\" height=\"900\" src=\"https:\/\/www.leis.um.si\/wp-content\/uploads\/leis_education-6.jpg\" alt=\"\" class=\"wp-image-204\" style=\"border-top-left-radius:8px;border-top-right-radius:8px;border-bottom-left-radius:8px;border-bottom-right-radius:32px;aspect-ratio:1;object-fit:cover\" srcset=\"https:\/\/leis.um.si\/wp-content\/uploads\/leis_education-6.jpg 1200w, https:\/\/leis.um.si\/wp-content\/uploads\/leis_education-6-300x225.jpg 300w, https:\/\/leis.um.si\/wp-content\/uploads\/leis_education-6-1024x768.jpg 1024w, https:\/\/leis.um.si\/wp-content\/uploads\/leis_education-6-768x576.jpg 768w\" sizes=\"auto, (max-width: 1200px) 100vw, 1200px\" \/><\/a><\/figure>\n\n\n\n<figure class=\"wp-block-image size-full has-custom-border\"><a href=\"https:\/\/www.leis.um.si\/wp-content\/uploads\/leis_education-7.jpg\"><img loading=\"lazy\" decoding=\"async\" width=\"1200\" height=\"900\" src=\"https:\/\/www.leis.um.si\/wp-content\/uploads\/leis_education-7.jpg\" alt=\"\" class=\"wp-image-205\" style=\"border-top-left-radius:8px;border-top-right-radius:8px;border-bottom-left-radius:8px;border-bottom-right-radius:32px;aspect-ratio:1;object-fit:cover\" srcset=\"https:\/\/leis.um.si\/wp-content\/uploads\/leis_education-7.jpg 1200w, https:\/\/leis.um.si\/wp-content\/uploads\/leis_education-7-300x225.jpg 300w, https:\/\/leis.um.si\/wp-content\/uploads\/leis_education-7-1024x768.jpg 1024w, https:\/\/leis.um.si\/wp-content\/uploads\/leis_education-7-768x576.jpg 768w\" sizes=\"auto, (max-width: 1200px) 100vw, 1200px\" \/><\/a><\/figure>\n\n\n\n<figure class=\"wp-block-image size-full has-custom-border\"><a href=\"https:\/\/www.leis.um.si\/wp-content\/uploads\/leis_education-8.jpg\"><img loading=\"lazy\" decoding=\"async\" width=\"1200\" height=\"900\" src=\"https:\/\/www.leis.um.si\/wp-content\/uploads\/leis_education-8.jpg\" alt=\"\" class=\"wp-image-206\" style=\"border-top-left-radius:8px;border-top-right-radius:8px;border-bottom-left-radius:8px;border-bottom-right-radius:32px;aspect-ratio:1;object-fit:cover\" srcset=\"https:\/\/leis.um.si\/wp-content\/uploads\/leis_education-8.jpg 1200w, https:\/\/leis.um.si\/wp-content\/uploads\/leis_education-8-300x225.jpg 300w, https:\/\/leis.um.si\/wp-content\/uploads\/leis_education-8-1024x768.jpg 1024w, https:\/\/leis.um.si\/wp-content\/uploads\/leis_education-8-768x576.jpg 768w\" sizes=\"auto, (max-width: 1200px) 100vw, 1200px\" \/><\/a><\/figure>\n<\/div>\n\n\n\n<div class=\"wp-block-group is-horizontal is-content-justification-center is-nowrap is-layout-flex wp-container-core-group-is-layout-57eb235f wp-block-group-is-layout-flex\" style=\"margin-top:var(--wp--preset--spacing--40);margin-bottom:var(--wp--preset--spacing--40);padding-top:0;padding-right:0;padding-bottom:0;padding-left:0\">\n<figure class=\"wp-block-image size-large has-custom-border\"><a href=\"https:\/\/www.leis.um.si\/wp-content\/uploads\/leis_education-10.jpg\"><img loading=\"lazy\" decoding=\"async\" width=\"1024\" height=\"768\" src=\"https:\/\/www.leis.um.si\/wp-content\/uploads\/leis_education-10-1024x768.jpg\" alt=\"\" class=\"wp-image-208\" style=\"border-top-left-radius:8px;border-top-right-radius:8px;border-bottom-left-radius:8px;border-bottom-right-radius:32px;aspect-ratio:1;object-fit:cover\" srcset=\"https:\/\/leis.um.si\/wp-content\/uploads\/leis_education-10-1024x768.jpg 1024w, https:\/\/leis.um.si\/wp-content\/uploads\/leis_education-10-300x225.jpg 300w, https:\/\/leis.um.si\/wp-content\/uploads\/leis_education-10-768x576.jpg 768w, https:\/\/leis.um.si\/wp-content\/uploads\/leis_education-10.jpg 1200w\" sizes=\"auto, (max-width: 1024px) 100vw, 1024px\" \/><\/a><\/figure>\n\n\n\n<figure class=\"wp-block-image size-large has-custom-border\"><a href=\"https:\/\/www.leis.um.si\/wp-content\/uploads\/leis_education-9.jpg\"><img loading=\"lazy\" decoding=\"async\" width=\"1024\" height=\"768\" src=\"https:\/\/www.leis.um.si\/wp-content\/uploads\/leis_education-9-1024x768.jpg\" alt=\"\" class=\"wp-image-207\" style=\"border-top-left-radius:8px;border-top-right-radius:8px;border-bottom-left-radius:8px;border-bottom-right-radius:32px;aspect-ratio:1;object-fit:cover\" srcset=\"https:\/\/leis.um.si\/wp-content\/uploads\/leis_education-9-1024x768.jpg 1024w, https:\/\/leis.um.si\/wp-content\/uploads\/leis_education-9-300x225.jpg 300w, https:\/\/leis.um.si\/wp-content\/uploads\/leis_education-9-768x576.jpg 768w, https:\/\/leis.um.si\/wp-content\/uploads\/leis_education-9.jpg 1200w\" sizes=\"auto, (max-width: 1024px) 100vw, 1024px\" \/><\/a><\/figure>\n<\/div>\n\n\n\n<div class=\"wp-block-group is-horizontal is-content-justification-center is-nowrap is-layout-flex wp-container-core-group-is-layout-57eb235f wp-block-group-is-layout-flex\" style=\"margin-top:var(--wp--preset--spacing--40);margin-bottom:var(--wp--preset--spacing--40);padding-top:0;padding-right:0;padding-bottom:0;padding-left:0\">\n<figure class=\"wp-block-image size-full has-custom-border\"><a href=\"https:\/\/www.leis.um.si\/wp-content\/uploads\/leis_education-1-1.jpg\"><img loading=\"lazy\" decoding=\"async\" width=\"1200\" height=\"900\" src=\"https:\/\/www.leis.um.si\/wp-content\/uploads\/leis_education-1-1.jpg\" alt=\"\" class=\"wp-image-220\" style=\"border-top-left-radius:8px;border-top-right-radius:8px;border-bottom-left-radius:8px;border-bottom-right-radius:32px;aspect-ratio:1;object-fit:cover\" srcset=\"https:\/\/leis.um.si\/wp-content\/uploads\/leis_education-1-1.jpg 1200w, https:\/\/leis.um.si\/wp-content\/uploads\/leis_education-1-1-300x225.jpg 300w, https:\/\/leis.um.si\/wp-content\/uploads\/leis_education-1-1-1024x768.jpg 1024w, https:\/\/leis.um.si\/wp-content\/uploads\/leis_education-1-1-768x576.jpg 768w\" sizes=\"auto, (max-width: 1200px) 100vw, 1200px\" \/><\/a><\/figure>\n\n\n\n<figure class=\"wp-block-image size-full has-custom-border\"><a href=\"https:\/\/www.leis.um.si\/wp-content\/uploads\/leis_education-2.jpg\"><img loading=\"lazy\" decoding=\"async\" width=\"1200\" height=\"900\" src=\"https:\/\/www.leis.um.si\/wp-content\/uploads\/leis_education-2.jpg\" alt=\"\" class=\"wp-image-200\" style=\"border-top-left-radius:8px;border-top-right-radius:8px;border-bottom-left-radius:8px;border-bottom-right-radius:32px;aspect-ratio:1;object-fit:cover\" srcset=\"https:\/\/leis.um.si\/wp-content\/uploads\/leis_education-2.jpg 1200w, https:\/\/leis.um.si\/wp-content\/uploads\/leis_education-2-300x225.jpg 300w, https:\/\/leis.um.si\/wp-content\/uploads\/leis_education-2-1024x768.jpg 1024w, https:\/\/leis.um.si\/wp-content\/uploads\/leis_education-2-768x576.jpg 768w\" sizes=\"auto, (max-width: 1200px) 100vw, 1200px\" \/><\/a><\/figure>\n<\/div>\n\n\n\n<div class=\"wp-block-group is-horizontal is-content-justification-center is-nowrap is-layout-flex wp-container-core-group-is-layout-57eb235f wp-block-group-is-layout-flex\" style=\"margin-top:var(--wp--preset--spacing--40);margin-bottom:var(--wp--preset--spacing--40);padding-top:0;padding-right:0;padding-bottom:0;padding-left:0\">\n<figure class=\"wp-block-image size-full has-custom-border\"><a href=\"https:\/\/www.leis.um.si\/wp-content\/uploads\/leis_education-3.jpg\"><img loading=\"lazy\" decoding=\"async\" width=\"1200\" height=\"900\" src=\"https:\/\/www.leis.um.si\/wp-content\/uploads\/leis_education-3.jpg\" alt=\"\" class=\"wp-image-201\" style=\"border-top-left-radius:8px;border-top-right-radius:8px;border-bottom-left-radius:8px;border-bottom-right-radius:32px;aspect-ratio:1;object-fit:cover\" srcset=\"https:\/\/leis.um.si\/wp-content\/uploads\/leis_education-3.jpg 1200w, https:\/\/leis.um.si\/wp-content\/uploads\/leis_education-3-300x225.jpg 300w, https:\/\/leis.um.si\/wp-content\/uploads\/leis_education-3-1024x768.jpg 1024w, https:\/\/leis.um.si\/wp-content\/uploads\/leis_education-3-768x576.jpg 768w\" sizes=\"auto, (max-width: 1200px) 100vw, 1200px\" \/><\/a><\/figure>\n\n\n\n<figure class=\"wp-block-image size-full has-custom-border\"><a href=\"https:\/\/www.leis.um.si\/wp-content\/uploads\/leis_education-4-1.jpg\"><img loading=\"lazy\" decoding=\"async\" width=\"1200\" height=\"900\" src=\"https:\/\/www.leis.um.si\/wp-content\/uploads\/leis_education-4-1.jpg\" alt=\"\" class=\"wp-image-221\" style=\"border-top-left-radius:8px;border-top-right-radius:8px;border-bottom-left-radius:8px;border-bottom-right-radius:32px;aspect-ratio:1;object-fit:cover\" srcset=\"https:\/\/leis.um.si\/wp-content\/uploads\/leis_education-4-1.jpg 1200w, https:\/\/leis.um.si\/wp-content\/uploads\/leis_education-4-1-300x225.jpg 300w, https:\/\/leis.um.si\/wp-content\/uploads\/leis_education-4-1-1024x768.jpg 1024w, https:\/\/leis.um.si\/wp-content\/uploads\/leis_education-4-1-768x576.jpg 768w\" sizes=\"auto, (max-width: 1200px) 100vw, 1200px\" \/><\/a><\/figure>\n\n\n\n<figure class=\"wp-block-image size-full has-custom-border\"><a href=\"https:\/\/www.leis.um.si\/wp-content\/uploads\/leis_education-5-1.jpg\"><img loading=\"lazy\" decoding=\"async\" width=\"1200\" height=\"900\" src=\"https:\/\/www.leis.um.si\/wp-content\/uploads\/leis_education-5-1.jpg\" alt=\"\" class=\"wp-image-222\" style=\"border-top-left-radius:8px;border-top-right-radius:8px;border-bottom-left-radius:8px;border-bottom-right-radius:32px;aspect-ratio:1;object-fit:cover\" srcset=\"https:\/\/leis.um.si\/wp-content\/uploads\/leis_education-5-1.jpg 1200w, https:\/\/leis.um.si\/wp-content\/uploads\/leis_education-5-1-300x225.jpg 300w, https:\/\/leis.um.si\/wp-content\/uploads\/leis_education-5-1-1024x768.jpg 1024w, https:\/\/leis.um.si\/wp-content\/uploads\/leis_education-5-1-768x576.jpg 768w\" sizes=\"auto, (max-width: 1200px) 100vw, 1200px\" \/><\/a><\/figure>\n<\/div>\n","protected":false},"excerpt":{"rendered":"<p>Izobra\u017eevanje in raziskovanje LEIS spodbuja \u0161tudente k njihovi intelektualni agilnosti, kriti\u010dnemu razmi\u0161ljanju in podjetni\u0161kemu pristopu. Dodatno k zagotovljenim metodolo\u0161kim kompetencam in disciplinarnemu znanje LEIS vklju\u010duje tudi interdisciplinarne in sistemsko usmerjene na\u010dine razmi\u0161ljanja, hkrati pa svoje \u0161tudente usposablja za samostojno delo z visoko stopnjo prakti\u010dne izku\u0161nje z uporabo naprednih instrumentov in in\u017eenirskih orodij. Ta pristop zagotavlja, [&hellip;]<\/p>\n","protected":false},"author":2,"featured_media":0,"parent":0,"menu_order":0,"comment_status":"closed","ping_status":"closed","template":"","meta":{"site-sidebar-layout":"default","site-content-layout":"","ast-site-content-layout":"default","site-content-style":"default","site-sidebar-style":"default","ast-global-header-display":"","ast-banner-title-visibility":"","ast-main-header-display":"","ast-hfb-above-header-display":"","ast-hfb-below-header-display":"","ast-hfb-mobile-header-display":"","site-post-title":"","ast-breadcrumbs-content":"","ast-featured-img":"","footer-sml-layout":"","ast-disable-related-posts":"","theme-transparent-header-meta":"","adv-header-id-meta":"","stick-header-meta":"","header-above-stick-meta":"","header-main-stick-meta":"","header-below-stick-meta":"","astra-migrate-meta-layouts":"default","ast-page-background-enabled":"default","ast-page-background-meta":{"desktop":{"background-color":"var(--ast-global-color-4)","background-image":"","background-repeat":"repeat","background-position":"center center","background-size":"auto","background-attachment":"scroll","background-type":"","background-media":"","overlay-type":"","overlay-color":"","overlay-opacity":"","overlay-gradient":""},"tablet":{"background-color":"","background-image":"","background-repeat":"repeat","background-position":"center center","background-size":"auto","background-attachment":"scroll","background-type":"","background-media":"","overlay-type":"","overlay-color":"","overlay-opacity":"","overlay-gradient":""},"mobile":{"background-color":"","background-image":"","background-repeat":"repeat","background-position":"center center","background-size":"auto","background-attachment":"scroll","background-type":"","background-media":"","overlay-type":"","overlay-color":"","overlay-opacity":"","overlay-gradient":""}},"ast-content-background-meta":{"desktop":{"background-color":"var(--ast-global-color-5)","background-image":"","background-repeat":"repeat","background-position":"center center","background-size":"auto","background-attachment":"scroll","background-type":"","background-media":"","overlay-type":"","overlay-color":"","overlay-opacity":"","overlay-gradient":""},"tablet":{"background-color":"var(--ast-global-color-5)","background-image":"","background-repeat":"repeat","background-position":"center center","background-size":"auto","background-attachment":"scroll","background-type":"","background-media":"","overlay-type":"","overlay-color":"","overlay-opacity":"","overlay-gradient":""},"mobile":{"background-color":"var(--ast-global-color-5)","background-image":"","background-repeat":"repeat","background-position":"center center","background-size":"auto","background-attachment":"scroll","background-type":"","background-media":"","overlay-type":"","overlay-color":"","overlay-opacity":"","overlay-gradient":""}},"footnotes":""},"class_list":["post-58","page","type-page","status-publish","hentry"],"_links":{"self":[{"href":"https:\/\/leis.um.si\/index.php?rest_route=\/wp\/v2\/pages\/58","targetHints":{"allow":["GET"]}}],"collection":[{"href":"https:\/\/leis.um.si\/index.php?rest_route=\/wp\/v2\/pages"}],"about":[{"href":"https:\/\/leis.um.si\/index.php?rest_route=\/wp\/v2\/types\/page"}],"author":[{"embeddable":true,"href":"https:\/\/leis.um.si\/index.php?rest_route=\/wp\/v2\/users\/2"}],"replies":[{"embeddable":true,"href":"https:\/\/leis.um.si\/index.php?rest_route=%2Fwp%2Fv2%2Fcomments&post=58"}],"version-history":[{"count":10,"href":"https:\/\/leis.um.si\/index.php?rest_route=\/wp\/v2\/pages\/58\/revisions"}],"predecessor-version":[{"id":224,"href":"https:\/\/leis.um.si\/index.php?rest_route=\/wp\/v2\/pages\/58\/revisions\/224"}],"wp:attachment":[{"href":"https:\/\/leis.um.si\/index.php?rest_route=%2Fwp%2Fv2%2Fmedia&parent=58"}],"curies":[{"name":"wp","href":"https:\/\/api.w.org\/{rel}","templated":true}]}}