{"id":66,"date":"2023-07-13T15:24:10","date_gmt":"2023-07-13T15:24:10","guid":{"rendered":"https:\/\/www.leis.um.si\/?page_id=66"},"modified":"2023-09-04T07:20:23","modified_gmt":"2023-09-04T07:20:23","slug":"brezzicni-komunikacijski-sistemi","status":"publish","type":"page","link":"https:\/\/leis.um.si\/?page_id=66&lang=sl","title":{"rendered":"Brez\u017ei\u010dni komunikacijski sistemi"},"content":{"rendered":"\n<h1 class=\"wp-block-heading\">Brez\u017ei\u010dni komunikacijski sistemi<\/h1>\n\n\n\n<p><strong>LEIS aktivno sodeluje pri tehnolo\u0161kem napredku klju\u010dnih brez\u017ei\u010dnih tehnologij kot glavnih elementov sodobne informacijske dru\u017ebe za prihodnost poslovnega in dru\u017ebenega napredka v globalni inovacijski ekonomiji.<\/strong><\/p>\n\n\n\n<p>LEIS aktivno pospe\u0161uje tehnolo\u0161ki napredek radijskih komunikacijskih sistemov kot osnovnih gradnikov brez\u017ei\u010dnih komunikacij, ki posegajo v skoraj vse elemente na\u0161ega vsakdana in krepijo \u010dlove\u0161ki potencial. Razvojne aktivnosti zajemajo \u0161irokopasovna mobilna omre\u017eja, nizkoenergijska ozkopasovna omre\u017eja in satelitske komunikacije.<\/p>\n\n\n\n<div class=\"wp-block-group is-nowrap is-layout-flex wp-container-core-group-is-layout-b5ae2e45 wp-block-group-is-layout-flex\" style=\"margin-top:var(--wp--preset--spacing--30);margin-bottom:var(--wp--preset--spacing--30);padding-top:0;padding-right:0;padding-bottom:0;padding-left:0\">\n<figure class=\"wp-block-image size-large has-custom-border\"><a href=\"https:\/\/www.leis.um.si\/wp-content\/uploads\/leis-wireless-2.jpg\"><img loading=\"lazy\" decoding=\"async\" width=\"1024\" height=\"768\" src=\"https:\/\/www.leis.um.si\/wp-content\/uploads\/leis-wireless-2-1024x768.jpg\" alt=\"\" class=\"wp-image-253\" style=\"border-top-left-radius:8px;border-top-right-radius:8px;border-bottom-left-radius:8px;border-bottom-right-radius:32px;aspect-ratio:1;object-fit:cover\" srcset=\"https:\/\/leis.um.si\/wp-content\/uploads\/leis-wireless-2-1024x768.jpg 1024w, https:\/\/leis.um.si\/wp-content\/uploads\/leis-wireless-2-300x225.jpg 300w, https:\/\/leis.um.si\/wp-content\/uploads\/leis-wireless-2-768x576.jpg 768w, https:\/\/leis.um.si\/wp-content\/uploads\/leis-wireless-2.jpg 1200w\" sizes=\"auto, (max-width: 1024px) 100vw, 1024px\" \/><\/a><\/figure>\n<\/div>\n\n\n\n<div class=\"wp-block-group is-nowrap is-layout-flex wp-container-core-group-is-layout-b5ae2e45 wp-block-group-is-layout-flex\" style=\"margin-top:var(--wp--preset--spacing--30);margin-bottom:var(--wp--preset--spacing--30);padding-top:0;padding-right:0;padding-bottom:0;padding-left:0\">\n<figure class=\"wp-block-image size-large has-custom-border\"><a href=\"https:\/\/www.leis.um.si\/wp-content\/uploads\/leis-wireless-4.jpg\"><img loading=\"lazy\" decoding=\"async\" width=\"1024\" height=\"768\" src=\"https:\/\/www.leis.um.si\/wp-content\/uploads\/leis-wireless-4-1024x768.jpg\" alt=\"\" class=\"wp-image-254\" style=\"border-top-left-radius:8px;border-top-right-radius:8px;border-bottom-left-radius:8px;border-bottom-right-radius:32px;aspect-ratio:1;object-fit:cover\" srcset=\"https:\/\/leis.um.si\/wp-content\/uploads\/leis-wireless-4-1024x768.jpg 1024w, https:\/\/leis.um.si\/wp-content\/uploads\/leis-wireless-4-300x225.jpg 300w, https:\/\/leis.um.si\/wp-content\/uploads\/leis-wireless-4-768x576.jpg 768w, https:\/\/leis.um.si\/wp-content\/uploads\/leis-wireless-4.jpg 1200w\" sizes=\"auto, (max-width: 1024px) 100vw, 1024px\" \/><\/a><\/figure>\n\n\n\n<figure class=\"wp-block-image size-large has-custom-border\"><a href=\"https:\/\/www.leis.um.si\/wp-content\/uploads\/leis-wireless-5.jpg\"><img loading=\"lazy\" decoding=\"async\" width=\"1024\" height=\"768\" src=\"https:\/\/www.leis.um.si\/wp-content\/uploads\/leis-wireless-5-1024x768.jpg\" alt=\"\" class=\"wp-image-255\" style=\"border-top-left-radius:8px;border-top-right-radius:8px;border-bottom-left-radius:8px;border-bottom-right-radius:32px;aspect-ratio:1;object-fit:cover\" srcset=\"https:\/\/leis.um.si\/wp-content\/uploads\/leis-wireless-5-1024x768.jpg 1024w, https:\/\/leis.um.si\/wp-content\/uploads\/leis-wireless-5-300x225.jpg 300w, https:\/\/leis.um.si\/wp-content\/uploads\/leis-wireless-5-768x576.jpg 768w, https:\/\/leis.um.si\/wp-content\/uploads\/leis-wireless-5.jpg 1200w\" sizes=\"auto, (max-width: 1024px) 100vw, 1024px\" \/><\/a><\/figure>\n\n\n\n<figure class=\"wp-block-image size-large has-custom-border\"><a href=\"https:\/\/www.leis.um.si\/wp-content\/uploads\/leis-wireless-6.jpg\"><img loading=\"lazy\" decoding=\"async\" width=\"1024\" height=\"768\" src=\"https:\/\/www.leis.um.si\/wp-content\/uploads\/leis-wireless-6-1024x768.jpg\" alt=\"\" class=\"wp-image-256\" style=\"border-top-left-radius:8px;border-top-right-radius:8px;border-bottom-left-radius:8px;border-bottom-right-radius:32px;aspect-ratio:1;object-fit:cover\" srcset=\"https:\/\/leis.um.si\/wp-content\/uploads\/leis-wireless-6-1024x768.jpg 1024w, https:\/\/leis.um.si\/wp-content\/uploads\/leis-wireless-6-300x225.jpg 300w, https:\/\/leis.um.si\/wp-content\/uploads\/leis-wireless-6-768x576.jpg 768w, https:\/\/leis.um.si\/wp-content\/uploads\/leis-wireless-6.jpg 1200w\" sizes=\"auto, (max-width: 1024px) 100vw, 1024px\" \/><\/a><\/figure>\n<\/div>\n\n\n\n<div class=\"wp-block-group is-nowrap is-layout-flex wp-container-core-group-is-layout-b5ae2e45 wp-block-group-is-layout-flex\" style=\"margin-top:var(--wp--preset--spacing--30);margin-bottom:var(--wp--preset--spacing--30);padding-top:0;padding-right:0;padding-bottom:0;padding-left:0\">\n<figure class=\"wp-block-image size-large has-custom-border\"><a href=\"https:\/\/www.leis.um.si\/wp-content\/uploads\/leis-wireless-1.jpg\"><img loading=\"lazy\" decoding=\"async\" width=\"768\" height=\"1024\" src=\"https:\/\/www.leis.um.si\/wp-content\/uploads\/leis-wireless-1-768x1024.jpg\" alt=\"\" class=\"wp-image-257\" style=\"border-top-left-radius:8px;border-top-right-radius:8px;border-bottom-left-radius:8px;border-bottom-right-radius:32px;aspect-ratio:1;object-fit:cover\" srcset=\"https:\/\/leis.um.si\/wp-content\/uploads\/leis-wireless-1-768x1024.jpg 768w, https:\/\/leis.um.si\/wp-content\/uploads\/leis-wireless-1-225x300.jpg 225w, https:\/\/leis.um.si\/wp-content\/uploads\/leis-wireless-1.jpg 900w\" sizes=\"auto, (max-width: 768px) 100vw, 768px\" \/><\/a><\/figure>\n\n\n\n<figure class=\"wp-block-image size-large has-custom-border\"><a href=\"https:\/\/www.leis.um.si\/wp-content\/uploads\/leis-wireless-3.jpg\"><img loading=\"lazy\" decoding=\"async\" width=\"768\" height=\"1024\" src=\"https:\/\/www.leis.um.si\/wp-content\/uploads\/leis-wireless-3-768x1024.jpg\" alt=\"\" class=\"wp-image-258\" style=\"border-top-left-radius:8px;border-top-right-radius:8px;border-bottom-left-radius:8px;border-bottom-right-radius:32px;aspect-ratio:1;object-fit:cover\" srcset=\"https:\/\/leis.um.si\/wp-content\/uploads\/leis-wireless-3-768x1024.jpg 768w, https:\/\/leis.um.si\/wp-content\/uploads\/leis-wireless-3-225x300.jpg 225w, https:\/\/leis.um.si\/wp-content\/uploads\/leis-wireless-3.jpg 900w\" sizes=\"auto, (max-width: 768px) 100vw, 768px\" \/><\/a><\/figure>\n<\/div>\n","protected":false},"excerpt":{"rendered":"<p>Brez\u017ei\u010dni komunikacijski sistemi LEIS aktivno sodeluje pri tehnolo\u0161kem napredku klju\u010dnih brez\u017ei\u010dnih tehnologij kot glavnih elementov sodobne informacijske dru\u017ebe za prihodnost poslovnega in dru\u017ebenega napredka v globalni inovacijski ekonomiji. LEIS aktivno pospe\u0161uje tehnolo\u0161ki napredek radijskih komunikacijskih sistemov kot osnovnih gradnikov brez\u017ei\u010dnih komunikacij, ki posegajo v skoraj vse elemente na\u0161ega vsakdana in krepijo \u010dlove\u0161ki potencial. Razvojne aktivnosti [&hellip;]<\/p>\n","protected":false},"author":2,"featured_media":0,"parent":0,"menu_order":0,"comment_status":"closed","ping_status":"closed","template":"","meta":{"site-sidebar-layout":"default","site-content-layout":"","ast-site-content-layout":"default","site-content-style":"default","site-sidebar-style":"default","ast-global-header-display":"","ast-banner-title-visibility":"","ast-main-header-display":"","ast-hfb-above-header-display":"","ast-hfb-below-header-display":"","ast-hfb-mobile-header-display":"","site-post-title":"","ast-breadcrumbs-content":"","ast-featured-img":"","footer-sml-layout":"","ast-disable-related-posts":"","theme-transparent-header-meta":"","adv-header-id-meta":"","stick-header-meta":"","header-above-stick-meta":"","header-main-stick-meta":"","header-below-stick-meta":"","astra-migrate-meta-layouts":"default","ast-page-background-enabled":"default","ast-page-background-meta":{"desktop":{"background-color":"var(--ast-global-color-4)","background-image":"","background-repeat":"repeat","background-position":"center center","background-size":"auto","background-attachment":"scroll","background-type":"","background-media":"","overlay-type":"","overlay-color":"","overlay-opacity":"","overlay-gradient":""},"tablet":{"background-color":"","background-image":"","background-repeat":"repeat","background-position":"center center","background-size":"auto","background-attachment":"scroll","background-type":"","background-media":"","overlay-type":"","overlay-color":"","overlay-opacity":"","overlay-gradient":""},"mobile":{"background-color":"","background-image":"","background-repeat":"repeat","background-position":"center center","background-size":"auto","background-attachment":"scroll","background-type":"","background-media":"","overlay-type":"","overlay-color":"","overlay-opacity":"","overlay-gradient":""}},"ast-content-background-meta":{"desktop":{"background-color":"var(--ast-global-color-5)","background-image":"","background-repeat":"repeat","background-position":"center center","background-size":"auto","background-attachment":"scroll","background-type":"","background-media":"","overlay-type":"","overlay-color":"","overlay-opacity":"","overlay-gradient":""},"tablet":{"background-color":"var(--ast-global-color-5)","background-image":"","background-repeat":"repeat","background-position":"center center","background-size":"auto","background-attachment":"scroll","background-type":"","background-media":"","overlay-type":"","overlay-color":"","overlay-opacity":"","overlay-gradient":""},"mobile":{"background-color":"var(--ast-global-color-5)","background-image":"","background-repeat":"repeat","background-position":"center center","background-size":"auto","background-attachment":"scroll","background-type":"","background-media":"","overlay-type":"","overlay-color":"","overlay-opacity":"","overlay-gradient":""}},"footnotes":""},"class_list":["post-66","page","type-page","status-publish","hentry"],"_links":{"self":[{"href":"https:\/\/leis.um.si\/index.php?rest_route=\/wp\/v2\/pages\/66","targetHints":{"allow":["GET"]}}],"collection":[{"href":"https:\/\/leis.um.si\/index.php?rest_route=\/wp\/v2\/pages"}],"about":[{"href":"https:\/\/leis.um.si\/index.php?rest_route=\/wp\/v2\/types\/page"}],"author":[{"embeddable":true,"href":"https:\/\/leis.um.si\/index.php?rest_route=\/wp\/v2\/users\/2"}],"replies":[{"embeddable":true,"href":"https:\/\/leis.um.si\/index.php?rest_route=%2Fwp%2Fv2%2Fcomments&post=66"}],"version-history":[{"count":3,"href":"https:\/\/leis.um.si\/index.php?rest_route=\/wp\/v2\/pages\/66\/revisions"}],"predecessor-version":[{"id":259,"href":"https:\/\/leis.um.si\/index.php?rest_route=\/wp\/v2\/pages\/66\/revisions\/259"}],"wp:attachment":[{"href":"https:\/\/leis.um.si\/index.php?rest_route=%2Fwp%2Fv2%2Fmedia&parent=66"}],"curies":[{"name":"wp","href":"https:\/\/api.w.org\/{rel}","templated":true}]}}