{"id":74,"date":"2023-07-13T15:25:21","date_gmt":"2023-07-13T15:25:21","guid":{"rendered":"https:\/\/www.leis.um.si\/?page_id=74"},"modified":"2023-09-04T07:32:11","modified_gmt":"2023-09-04T07:32:11","slug":"vesoljske-tehnologije","status":"publish","type":"page","link":"https:\/\/leis.um.si\/?page_id=74&lang=sl","title":{"rendered":"Vesoljske tehnologije"},"content":{"rendered":"\n<h1 class=\"wp-block-heading\">Vesoljske tehnologije<\/h1>\n\n\n\n<p><strong>LEIS razvija visokotehnolo\u0161ke ter znanstveno intenzivne vesoljske tehnologije in napredne vesoljske aplikacije z visoko stopnjo miniaturizacije, ki temeljijo na kvantnih tehnologijah za prihodnje vesoljske misije.<\/strong><\/p>\n\n\n\n<p>LEIS je pridobil prve izku\u0161nje z upravljanjem vesoljskega plovila v nizkih Zemljinih tirnicah in zdaj nadaljuje z upravljanjem vesoljskega plovila v srednjih Zemljinih tirnicah, medtem ko i\u0161\u010de dlje v bolj oddaljene tirnice za opazovanje vesoljskega vremena in splo\u0161ne misije v globoko vesoljo, kot so geostacionarne in lunine tirnice. Dejavnosti so v glavnem osredoto\u010dene na nove vesoljske tehnologije z visoko stopnjo miniaturizacije in napredne vesoljske aplikacije, ki temeljijo na kvantnih tehnologijah in ciljajo na trg novega vesolja z namenom pove\u010devanja vgrajene inteligence in tehnolo\u0161ke pripravljenosti za potrebe prihodnjih vesoljskih misij. Z izobra\u017eevalnega vidika LEIS promovira vesoljske dejavnosti v javnosti in skrbi za izobra\u017eevanje konkuren\u010dnih in\u017eenirjev za slovensko vesoljsko industrijo.<\/p>\n\n\n\n<div class=\"wp-block-group is-nowrap is-layout-flex wp-container-core-group-is-layout-b5ae2e45 wp-block-group-is-layout-flex\" style=\"margin-top:var(--wp--preset--spacing--30);margin-bottom:var(--wp--preset--spacing--30);padding-top:0;padding-right:0;padding-bottom:0;padding-left:0\">\n<figure class=\"wp-block-image size-full has-custom-border\"><a href=\"https:\/\/www.leis.um.si\/wp-content\/uploads\/leis-trisat-8.jpg\"><img loading=\"lazy\" decoding=\"async\" width=\"1200\" height=\"800\" src=\"https:\/\/www.leis.um.si\/wp-content\/uploads\/leis-trisat-8.jpg\" alt=\"\" class=\"wp-image-264\" style=\"border-top-left-radius:8px;border-top-right-radius:8px;border-bottom-left-radius:8px;border-bottom-right-radius:32px;aspect-ratio:1;object-fit:cover\" srcset=\"https:\/\/leis.um.si\/wp-content\/uploads\/leis-trisat-8.jpg 1200w, https:\/\/leis.um.si\/wp-content\/uploads\/leis-trisat-8-300x200.jpg 300w, https:\/\/leis.um.si\/wp-content\/uploads\/leis-trisat-8-1024x683.jpg 1024w, https:\/\/leis.um.si\/wp-content\/uploads\/leis-trisat-8-768x512.jpg 768w\" sizes=\"auto, (max-width: 1200px) 100vw, 1200px\" \/><\/a><\/figure>\n<\/div>\n\n\n\n<div class=\"wp-block-group is-nowrap is-layout-flex wp-container-core-group-is-layout-b5ae2e45 wp-block-group-is-layout-flex\" style=\"margin-top:var(--wp--preset--spacing--30);margin-bottom:var(--wp--preset--spacing--30);padding-top:0;padding-right:0;padding-bottom:0;padding-left:0\">\n<figure class=\"wp-block-image size-large has-custom-border\"><a href=\"https:\/\/www.leis.um.si\/wp-content\/uploads\/leis-trisat-12.jpg\"><img loading=\"lazy\" decoding=\"async\" width=\"1024\" height=\"576\" src=\"https:\/\/www.leis.um.si\/wp-content\/uploads\/leis-trisat-12-1024x576.jpg\" alt=\"\" class=\"wp-image-263\" style=\"border-top-left-radius:8px;border-top-right-radius:8px;border-bottom-left-radius:8px;border-bottom-right-radius:32px;aspect-ratio:1;object-fit:cover\" srcset=\"https:\/\/leis.um.si\/wp-content\/uploads\/leis-trisat-12-1024x576.jpg 1024w, https:\/\/leis.um.si\/wp-content\/uploads\/leis-trisat-12-300x169.jpg 300w, https:\/\/leis.um.si\/wp-content\/uploads\/leis-trisat-12-768x432.jpg 768w, https:\/\/leis.um.si\/wp-content\/uploads\/leis-trisat-12.jpg 1200w\" sizes=\"auto, (max-width: 1024px) 100vw, 1024px\" \/><\/a><\/figure>\n\n\n\n<figure class=\"wp-block-image size-large has-custom-border\"><a href=\"https:\/\/www.leis.um.si\/wp-content\/uploads\/leis-trisat-7.jpg\"><img loading=\"lazy\" decoding=\"async\" width=\"1024\" height=\"683\" src=\"https:\/\/www.leis.um.si\/wp-content\/uploads\/leis-trisat-7-1024x683.jpg\" alt=\"\" class=\"wp-image-265\" style=\"border-top-left-radius:8px;border-top-right-radius:8px;border-bottom-left-radius:8px;border-bottom-right-radius:32px;aspect-ratio:1;object-fit:cover\" srcset=\"https:\/\/leis.um.si\/wp-content\/uploads\/leis-trisat-7-1024x683.jpg 1024w, https:\/\/leis.um.si\/wp-content\/uploads\/leis-trisat-7-300x200.jpg 300w, https:\/\/leis.um.si\/wp-content\/uploads\/leis-trisat-7-768x512.jpg 768w, https:\/\/leis.um.si\/wp-content\/uploads\/leis-trisat-7.jpg 1200w\" sizes=\"auto, (max-width: 1024px) 100vw, 1024px\" \/><\/a><\/figure>\n\n\n\n<figure class=\"wp-block-image size-large has-custom-border\"><a href=\"https:\/\/www.leis.um.si\/wp-content\/uploads\/leis-trisat-3-1.jpg\"><img loading=\"lazy\" decoding=\"async\" width=\"1024\" height=\"768\" src=\"https:\/\/www.leis.um.si\/wp-content\/uploads\/leis-trisat-3-1-1024x768.jpg\" alt=\"\" class=\"wp-image-267\" style=\"border-top-left-radius:8px;border-top-right-radius:8px;border-bottom-left-radius:8px;border-bottom-right-radius:32px;aspect-ratio:1;object-fit:cover\" srcset=\"https:\/\/leis.um.si\/wp-content\/uploads\/leis-trisat-3-1-1024x768.jpg 1024w, https:\/\/leis.um.si\/wp-content\/uploads\/leis-trisat-3-1-300x225.jpg 300w, https:\/\/leis.um.si\/wp-content\/uploads\/leis-trisat-3-1-768x576.jpg 768w, https:\/\/leis.um.si\/wp-content\/uploads\/leis-trisat-3-1.jpg 1200w\" sizes=\"auto, (max-width: 1024px) 100vw, 1024px\" \/><\/a><\/figure>\n<\/div>\n\n\n\n<div class=\"wp-block-group is-nowrap is-layout-flex wp-container-core-group-is-layout-b5ae2e45 wp-block-group-is-layout-flex\" style=\"margin-top:var(--wp--preset--spacing--30);margin-bottom:var(--wp--preset--spacing--30);padding-top:0;padding-right:0;padding-bottom:0;padding-left:0\">\n<figure class=\"wp-block-image size-large has-custom-border\"><a href=\"https:\/\/www.leis.um.si\/wp-content\/uploads\/leis-trisat-2-1.jpg\"><img loading=\"lazy\" decoding=\"async\" width=\"724\" height=\"1024\" src=\"https:\/\/www.leis.um.si\/wp-content\/uploads\/leis-trisat-2-1-724x1024.jpg\" alt=\"\" class=\"wp-image-273\" style=\"border-top-left-radius:8px;border-top-right-radius:8px;border-bottom-left-radius:8px;border-bottom-right-radius:32px;aspect-ratio:1;object-fit:cover\" srcset=\"https:\/\/leis.um.si\/wp-content\/uploads\/leis-trisat-2-1-724x1024.jpg 724w, https:\/\/leis.um.si\/wp-content\/uploads\/leis-trisat-2-1-212x300.jpg 212w, https:\/\/leis.um.si\/wp-content\/uploads\/leis-trisat-2-1-768x1086.jpg 768w, https:\/\/leis.um.si\/wp-content\/uploads\/leis-trisat-2-1.jpg 849w\" sizes=\"auto, (max-width: 724px) 100vw, 724px\" \/><\/a><\/figure>\n\n\n\n<figure class=\"wp-block-image size-large has-custom-border\"><a href=\"https:\/\/www.leis.um.si\/wp-content\/uploads\/leis-trisat-17-1.jpg\"><img loading=\"lazy\" decoding=\"async\" width=\"724\" height=\"1024\" src=\"https:\/\/www.leis.um.si\/wp-content\/uploads\/leis-trisat-17-1-724x1024.jpg\" alt=\"\" class=\"wp-image-270\" style=\"border-top-left-radius:8px;border-top-right-radius:8px;border-bottom-left-radius:8px;border-bottom-right-radius:32px;aspect-ratio:1;object-fit:cover\" srcset=\"https:\/\/leis.um.si\/wp-content\/uploads\/leis-trisat-17-1-724x1024.jpg 724w, https:\/\/leis.um.si\/wp-content\/uploads\/leis-trisat-17-1-212x300.jpg 212w, https:\/\/leis.um.si\/wp-content\/uploads\/leis-trisat-17-1-768x1086.jpg 768w, https:\/\/leis.um.si\/wp-content\/uploads\/leis-trisat-17-1.jpg 849w\" sizes=\"auto, (max-width: 724px) 100vw, 724px\" \/><\/a><\/figure>\n<\/div>\n\n\n\n<div class=\"wp-block-group is-nowrap is-layout-flex wp-container-core-group-is-layout-b5ae2e45 wp-block-group-is-layout-flex\" style=\"margin-top:var(--wp--preset--spacing--30);margin-bottom:var(--wp--preset--spacing--30);padding-top:0;padding-right:0;padding-bottom:0;padding-left:0\">\n<figure class=\"wp-block-image size-large has-custom-border\"><a href=\"https:\/\/www.leis.um.si\/wp-content\/uploads\/leis-trisat-r-8.jpg\"><img loading=\"lazy\" decoding=\"async\" width=\"1024\" height=\"683\" src=\"https:\/\/www.leis.um.si\/wp-content\/uploads\/leis-trisat-r-8-1024x683.jpg\" alt=\"\" class=\"wp-image-274\" style=\"border-top-left-radius:8px;border-top-right-radius:8px;border-bottom-left-radius:8px;border-bottom-right-radius:32px;aspect-ratio:1;object-fit:cover\" srcset=\"https:\/\/leis.um.si\/wp-content\/uploads\/leis-trisat-r-8-1024x683.jpg 1024w, https:\/\/leis.um.si\/wp-content\/uploads\/leis-trisat-r-8-300x200.jpg 300w, https:\/\/leis.um.si\/wp-content\/uploads\/leis-trisat-r-8-768x512.jpg 768w, https:\/\/leis.um.si\/wp-content\/uploads\/leis-trisat-r-8.jpg 1200w\" sizes=\"auto, (max-width: 1024px) 100vw, 1024px\" \/><\/a><\/figure>\n\n\n\n<figure class=\"wp-block-image size-large has-custom-border\"><a href=\"https:\/\/www.leis.um.si\/wp-content\/uploads\/leis-trisat-r-10.jpg\"><img loading=\"lazy\" decoding=\"async\" width=\"1024\" height=\"683\" src=\"https:\/\/www.leis.um.si\/wp-content\/uploads\/leis-trisat-r-10-1024x683.jpg\" alt=\"\" class=\"wp-image-275\" style=\"border-top-left-radius:8px;border-top-right-radius:8px;border-bottom-left-radius:8px;border-bottom-right-radius:32px;aspect-ratio:1;object-fit:cover\" srcset=\"https:\/\/leis.um.si\/wp-content\/uploads\/leis-trisat-r-10-1024x683.jpg 1024w, https:\/\/leis.um.si\/wp-content\/uploads\/leis-trisat-r-10-300x200.jpg 300w, https:\/\/leis.um.si\/wp-content\/uploads\/leis-trisat-r-10-768x512.jpg 768w, https:\/\/leis.um.si\/wp-content\/uploads\/leis-trisat-r-10.jpg 1200w\" sizes=\"auto, (max-width: 1024px) 100vw, 1024px\" \/><\/a><\/figure>\n\n\n\n<figure class=\"wp-block-image size-large has-custom-border\"><a href=\"https:\/\/www.leis.um.si\/wp-content\/uploads\/leis-trisat-r-6.jpg\"><img loading=\"lazy\" decoding=\"async\" width=\"1024\" height=\"766\" src=\"https:\/\/www.leis.um.si\/wp-content\/uploads\/leis-trisat-r-6-1024x766.jpg\" alt=\"\" class=\"wp-image-276\" style=\"border-top-left-radius:8px;border-top-right-radius:8px;border-bottom-left-radius:8px;border-bottom-right-radius:32px;aspect-ratio:1;object-fit:cover\" srcset=\"https:\/\/leis.um.si\/wp-content\/uploads\/leis-trisat-r-6-1024x766.jpg 1024w, https:\/\/leis.um.si\/wp-content\/uploads\/leis-trisat-r-6-300x225.jpg 300w, https:\/\/leis.um.si\/wp-content\/uploads\/leis-trisat-r-6-768x575.jpg 768w, https:\/\/leis.um.si\/wp-content\/uploads\/leis-trisat-r-6.jpg 1200w\" sizes=\"auto, (max-width: 1024px) 100vw, 1024px\" \/><\/a><\/figure>\n<\/div>\n\n\n\n<div class=\"wp-block-group is-nowrap is-layout-flex wp-container-core-group-is-layout-b5ae2e45 wp-block-group-is-layout-flex\" style=\"margin-top:var(--wp--preset--spacing--30);margin-bottom:var(--wp--preset--spacing--30);padding-top:0;padding-right:0;padding-bottom:0;padding-left:0\">\n<figure class=\"wp-block-image size-large has-custom-border\"><a href=\"https:\/\/www.leis.um.si\/wp-content\/uploads\/leis-trisat-r-5.jpg\"><img loading=\"lazy\" decoding=\"async\" width=\"1024\" height=\"683\" src=\"https:\/\/www.leis.um.si\/wp-content\/uploads\/leis-trisat-r-5-1024x683.jpg\" alt=\"\" class=\"wp-image-277\" style=\"border-top-left-radius:8px;border-top-right-radius:8px;border-bottom-left-radius:8px;border-bottom-right-radius:32px;aspect-ratio:1;object-fit:cover\" srcset=\"https:\/\/leis.um.si\/wp-content\/uploads\/leis-trisat-r-5-1024x683.jpg 1024w, https:\/\/leis.um.si\/wp-content\/uploads\/leis-trisat-r-5-300x200.jpg 300w, https:\/\/leis.um.si\/wp-content\/uploads\/leis-trisat-r-5-768x512.jpg 768w, https:\/\/leis.um.si\/wp-content\/uploads\/leis-trisat-r-5.jpg 1200w\" sizes=\"auto, (max-width: 1024px) 100vw, 1024px\" \/><\/a><\/figure>\n<\/div>\n","protected":false},"excerpt":{"rendered":"<p>Vesoljske tehnologije LEIS razvija visokotehnolo\u0161ke ter znanstveno intenzivne vesoljske tehnologije in napredne vesoljske aplikacije z visoko stopnjo miniaturizacije, ki temeljijo na kvantnih tehnologijah za prihodnje vesoljske misije. LEIS je pridobil prve izku\u0161nje z upravljanjem vesoljskega plovila v nizkih Zemljinih tirnicah in zdaj nadaljuje z upravljanjem vesoljskega plovila v srednjih Zemljinih tirnicah, medtem ko i\u0161\u010de dlje [&hellip;]<\/p>\n","protected":false},"author":2,"featured_media":0,"parent":0,"menu_order":0,"comment_status":"closed","ping_status":"closed","template":"","meta":{"site-sidebar-layout":"default","site-content-layout":"","ast-site-content-layout":"default","site-content-style":"default","site-sidebar-style":"default","ast-global-header-display":"","ast-banner-title-visibility":"","ast-main-header-display":"","ast-hfb-above-header-display":"","ast-hfb-below-header-display":"","ast-hfb-mobile-header-display":"","site-post-title":"","ast-breadcrumbs-content":"","ast-featured-img":"","footer-sml-layout":"","ast-disable-related-posts":"","theme-transparent-header-meta":"","adv-header-id-meta":"","stick-header-meta":"","header-above-stick-meta":"","header-main-stick-meta":"","header-below-stick-meta":"","astra-migrate-meta-layouts":"default","ast-page-background-enabled":"default","ast-page-background-meta":{"desktop":{"background-color":"var(--ast-global-color-4)","background-image":"","background-repeat":"repeat","background-position":"center center","background-size":"auto","background-attachment":"scroll","background-type":"","background-media":"","overlay-type":"","overlay-color":"","overlay-opacity":"","overlay-gradient":""},"tablet":{"background-color":"","background-image":"","background-repeat":"repeat","background-position":"center center","background-size":"auto","background-attachment":"scroll","background-type":"","background-media":"","overlay-type":"","overlay-color":"","overlay-opacity":"","overlay-gradient":""},"mobile":{"background-color":"","background-image":"","background-repeat":"repeat","background-position":"center center","background-size":"auto","background-attachment":"scroll","background-type":"","background-media":"","overlay-type":"","overlay-color":"","overlay-opacity":"","overlay-gradient":""}},"ast-content-background-meta":{"desktop":{"background-color":"var(--ast-global-color-5)","background-image":"","background-repeat":"repeat","background-position":"center center","background-size":"auto","background-attachment":"scroll","background-type":"","background-media":"","overlay-type":"","overlay-color":"","overlay-opacity":"","overlay-gradient":""},"tablet":{"background-color":"var(--ast-global-color-5)","background-image":"","background-repeat":"repeat","background-position":"center center","background-size":"auto","background-attachment":"scroll","background-type":"","background-media":"","overlay-type":"","overlay-color":"","overlay-opacity":"","overlay-gradient":""},"mobile":{"background-color":"var(--ast-global-color-5)","background-image":"","background-repeat":"repeat","background-position":"center center","background-size":"auto","background-attachment":"scroll","background-type":"","background-media":"","overlay-type":"","overlay-color":"","overlay-opacity":"","overlay-gradient":""}},"footnotes":""},"class_list":["post-74","page","type-page","status-publish","hentry"],"_links":{"self":[{"href":"https:\/\/leis.um.si\/index.php?rest_route=\/wp\/v2\/pages\/74","targetHints":{"allow":["GET"]}}],"collection":[{"href":"https:\/\/leis.um.si\/index.php?rest_route=\/wp\/v2\/pages"}],"about":[{"href":"https:\/\/leis.um.si\/index.php?rest_route=\/wp\/v2\/types\/page"}],"author":[{"embeddable":true,"href":"https:\/\/leis.um.si\/index.php?rest_route=\/wp\/v2\/users\/2"}],"replies":[{"embeddable":true,"href":"https:\/\/leis.um.si\/index.php?rest_route=%2Fwp%2Fv2%2Fcomments&post=74"}],"version-history":[{"count":3,"href":"https:\/\/leis.um.si\/index.php?rest_route=\/wp\/v2\/pages\/74\/revisions"}],"predecessor-version":[{"id":279,"href":"https:\/\/leis.um.si\/index.php?rest_route=\/wp\/v2\/pages\/74\/revisions\/279"}],"wp:attachment":[{"href":"https:\/\/leis.um.si\/index.php?rest_route=%2Fwp%2Fv2%2Fmedia&parent=74"}],"curies":[{"name":"wp","href":"https:\/\/api.w.org\/{rel}","templated":true}]}}